{"id":1696,"date":"2020-07-19T16:40:08","date_gmt":"2020-07-19T16:40:08","guid":{"rendered":"https:\/\/sae-afs.org\/?page_id=1696"},"modified":"2020-07-19T17:05:39","modified_gmt":"2020-07-19T17:05:39","slug":"muhammed-usame-abdullah","status":"publish","type":"page","link":"https:\/\/sae-afs.org\/ar\/our-researchers\/muhammed-usame-abdullah\/","title":{"rendered":"Muhammed \u00dcsame ABDULLAH"},"content":{"rendered":"[vc_section][vc_row][vc_column][vc_row_inner content_placement=&#8221;middle&#8221;][vc_column_inner width=&#8221;1\/3&#8243;]<div  class=\"wpb_content_element   clearfix\"><style type=\"text\/css\">#ut_am_69ef45481ae58 { opacity: 1; }#ut_am_wrap_69ef45481ae59 .ut-image-gallery-item-caption-title h3 { letter-spacing: -0.03em; }#ut_am_wrap_69ef45481ae59 .ut-gallery-slider-caption { font-weight: bold; }#ut_am_wrap_69ef45481ae59 { text-align: left; }@media (min-width: 768px) and (max-width: 1024px) { #ut_am_wrap_69ef45481ae59 { text-align: left !important; } }@media (max-width: 767px) { #ut_am_wrap_69ef45481ae59 { text-align: center !important; } }<\/style><div id=\"ut_am_wrap_69ef45481ae59\" class=\"ut-image-gallery-image \"><div id=\"ut_reveal_69ef45481ae5a\"  data-appear-top-offset=\"auto\" class=\"ut-animated-image-item ut-image-gallery-item ut-animation-done \"><a class=\"ut-deactivated-link\" href=\"#\"><div class=\"ut-animated-image-zoom\"><img class=\"ut-lazy skip-lazy ut-animated-image\"  id=\"ut_am_69ef45481ae58\" src=\"data:image\/svg+xml;charset=utf-8,%3Csvg xmlns%3D'http%3A%2F%2Fwww.w3.org%2F2000%2Fsvg' viewBox%3D'0 0 401 401'%2F%3E\" data-src=\"https:\/\/sae-afs.org\/ar\/wp-content\/uploads\/2020\/07\/\u0628\u062f\u0648\u0646-\u0639\u0646\u0648\u0627\u0646-2.png\" width=\"401\" height=\"401\" alt=\"\"\/><\/div><\/a><\/div><\/div><\/div>[\/vc_column_inner][vc_column_inner width=&#8221;2\/3&#8243;][vc_column_text]\n<h2 style=\"text-align: left;\">Muhammed \u00dcsame ABDULLAH<\/h2>\n<p style=\"text-align: left;\"><strong>Email:<\/strong>ousalab@gmail.com<\/p>\n<p>\u00a0[\/vc_column_text][\/vc_column_inner][\/vc_row_inner][vc_column_text]Muhammed \u00dcsame ABDULLAH received a Bachelor of Engineering in Electronics and Communication from Albaath University in SYRIA and a Master in Communication Engineering from Albaath University, respectively. He is studying Ph.D. in image processing and artificial intelligence in Kahramanmaras-s\u00fct\u00e7\u00fc \u0130mam University, Kahramanmaras, Turkey<\/p>\n<p>Muhammed \u00dcsame worked as a Researcher assistant (2005-2015) at Albaath University -Faculty of mechanical and electrical engineering -Department of Electronics and Communication engineering.<\/p>\n<p>Muhammed \u00dcsame participated in many scientific conferences related to machine learning, deep learning, and artificial intelligence, and presented research papers in these fields[\/vc_column_text][\/vc_column][\/vc_row][\/vc_section]\n","protected":false},"excerpt":{"rendered":"<p>[vc_section][vc_row][vc_column][vc_row_inner content_placement=&#8221;middle&#8221;][vc_column_inner width=&#8221;1\/3&#8243;][\/vc_column_inner][vc_column_inner width=&#8221;2\/3&#8243;][vc_column_text] Muhammed \u00dcsame ABDULLAH Email:ousalab@gmail.com \u00a0[\/vc_column_text][\/vc_column_inner][\/vc_row_inner][vc_column_text]Muhammed \u00dcsame ABDULLAH received a Bachelor of Engineering in Electronics and Communication from Albaath University in SYRIA and a Master in Communication Engineering from Albaath University, respectively. He is studying Ph.D. in image processing and artificial intelligence in Kahramanmaras-s\u00fct\u00e7\u00fc \u0130mam University, Kahramanmaras, Turkey Muhammed \u00dcsame worked as [&hellip;]<\/p>\n","protected":false},"author":1,"featured_media":0,"parent":1327,"menu_order":0,"comment_status":"closed","ping_status":"closed","template":"","meta":{"_mo_disable_npp":""},"yoast_head":"<!-- This site is optimized with the Yoast SEO plugin v18.4.1 - https:\/\/yoast.com\/wordpress\/plugins\/seo\/ -->\n<title>Muhammed \u00dcsame ABDULLAH - \u0627\u0644\u062e\u0628\u0631\u0627\u062a \u0627\u0644\u0623\u0643\u0627\u062f\u064a\u0645\u064a\u0629 \u0627\u0644\u0633\u0648\u0631\u064a\u0629<\/title>\n<meta name=\"robots\" content=\"index, follow, max-snippet:-1, max-image-preview:large, max-video-preview:-1\" \/>\n<link rel=\"canonical\" href=\"https:\/\/sae-afs.org\/ar\/our-researchers\/muhammed-usame-abdullah\/\" \/>\n<meta property=\"og:locale\" content=\"ar_AR\" \/>\n<meta property=\"og:type\" content=\"article\" \/>\n<meta property=\"og:title\" content=\"Muhammed \u00dcsame ABDULLAH - \u0627\u0644\u062e\u0628\u0631\u0627\u062a \u0627\u0644\u0623\u0643\u0627\u062f\u064a\u0645\u064a\u0629 \u0627\u0644\u0633\u0648\u0631\u064a\u0629\" \/>\n<meta property=\"og:description\" content=\"[vc_section][vc_row][vc_column][vc_row_inner content_placement=&#8221;middle&#8221;][vc_column_inner width=&#8221;1\/3&#8243;][\/vc_column_inner][vc_column_inner width=&#8221;2\/3&#8243;][vc_column_text] Muhammed \u00dcsame ABDULLAH Email:ousalab@gmail.com \u00a0[\/vc_column_text][\/vc_column_inner][\/vc_row_inner][vc_column_text]Muhammed \u00dcsame ABDULLAH received a Bachelor of Engineering in Electronics and Communication from Albaath University in SYRIA and a Master in Communication Engineering from Albaath University, respectively. He is studying Ph.D. in image processing and artificial intelligence in Kahramanmaras-s\u00fct\u00e7\u00fc \u0130mam University, Kahramanmaras, Turkey Muhammed \u00dcsame worked as [&hellip;]\" \/>\n<meta property=\"og:url\" content=\"https:\/\/sae-afs.org\/ar\/our-researchers\/muhammed-usame-abdullah\/\" \/>\n<meta property=\"og:site_name\" content=\"\u0627\u0644\u062e\u0628\u0631\u0627\u062a \u0627\u0644\u0623\u0643\u0627\u062f\u064a\u0645\u064a\u0629 \u0627\u0644\u0633\u0648\u0631\u064a\u0629\" \/>\n<meta property=\"article:modified_time\" content=\"2020-07-19T17:05:39+00:00\" \/>\n<meta name=\"twitter:card\" content=\"summary_large_image\" \/>\n<meta name=\"twitter:label1\" content=\"\u0648\u0642\u062a \u0627\u0644\u0642\u0631\u0627\u0621\u0629 \u0627\u0644\u0645\u064f\u0642\u062f\u0651\u0631\" \/>\n\t<meta name=\"twitter:data1\" content=\"\u062f\u0642\u064a\u0642\u062a\u0627\u0646\" \/>\n<script type=\"application\/ld+json\" class=\"yoast-schema-graph\">{\"@context\":\"https:\/\/schema.org\",\"@graph\":[{\"@type\":\"WebSite\",\"@id\":\"https:\/\/sae-afs.org\/ar\/#website\",\"url\":\"https:\/\/sae-afs.org\/ar\/\",\"name\":\"\u0627\u0644\u062e\u0628\u0631\u0627\u062a \u0627\u0644\u0623\u0643\u0627\u062f\u064a\u0645\u064a\u0629 \u0627\u0644\u0633\u0648\u0631\u064a\u0629\",\"description\":\"new\",\"potentialAction\":[{\"@type\":\"SearchAction\",\"target\":{\"@type\":\"EntryPoint\",\"urlTemplate\":\"https:\/\/sae-afs.org\/ar\/?s={search_term_string}\"},\"query-input\":\"required name=search_term_string\"}],\"inLanguage\":\"ar\"},{\"@type\":\"WebPage\",\"@id\":\"https:\/\/sae-afs.org\/ar\/our-researchers\/muhammed-usame-abdullah\/#webpage\",\"url\":\"https:\/\/sae-afs.org\/ar\/our-researchers\/muhammed-usame-abdullah\/\",\"name\":\"Muhammed \u00dcsame ABDULLAH - \u0627\u0644\u062e\u0628\u0631\u0627\u062a \u0627\u0644\u0623\u0643\u0627\u062f\u064a\u0645\u064a\u0629 \u0627\u0644\u0633\u0648\u0631\u064a\u0629\",\"isPartOf\":{\"@id\":\"https:\/\/sae-afs.org\/ar\/#website\"},\"datePublished\":\"2020-07-19T16:40:08+00:00\",\"dateModified\":\"2020-07-19T17:05:39+00:00\",\"breadcrumb\":{\"@id\":\"https:\/\/sae-afs.org\/ar\/our-researchers\/muhammed-usame-abdullah\/#breadcrumb\"},\"inLanguage\":\"ar\",\"potentialAction\":[{\"@type\":\"ReadAction\",\"target\":[\"https:\/\/sae-afs.org\/ar\/our-researchers\/muhammed-usame-abdullah\/\"]}]},{\"@type\":\"BreadcrumbList\",\"@id\":\"https:\/\/sae-afs.org\/ar\/our-researchers\/muhammed-usame-abdullah\/#breadcrumb\",\"itemListElement\":[{\"@type\":\"ListItem\",\"position\":1,\"name\":\"Home\",\"item\":\"https:\/\/sae-afs.org\/ar\/\"},{\"@type\":\"ListItem\",\"position\":2,\"name\":\"\u0627\u0644\u0628\u0627\u062d\u062b\u0648\u0646\",\"item\":\"https:\/\/sae-afs.org\/ar\/our-researchers\/\"},{\"@type\":\"ListItem\",\"position\":3,\"name\":\"Muhammed \u00dcsame ABDULLAH\"}]}]}<\/script>\n<!-- \/ Yoast SEO plugin. -->","yoast_head_json":{"title":"Muhammed \u00dcsame ABDULLAH - \u0627\u0644\u062e\u0628\u0631\u0627\u062a \u0627\u0644\u0623\u0643\u0627\u062f\u064a\u0645\u064a\u0629 \u0627\u0644\u0633\u0648\u0631\u064a\u0629","robots":{"index":"index","follow":"follow","max-snippet":"max-snippet:-1","max-image-preview":"max-image-preview:large","max-video-preview":"max-video-preview:-1"},"canonical":"https:\/\/sae-afs.org\/ar\/our-researchers\/muhammed-usame-abdullah\/","og_locale":"ar_AR","og_type":"article","og_title":"Muhammed \u00dcsame ABDULLAH - \u0627\u0644\u062e\u0628\u0631\u0627\u062a \u0627\u0644\u0623\u0643\u0627\u062f\u064a\u0645\u064a\u0629 \u0627\u0644\u0633\u0648\u0631\u064a\u0629","og_description":"[vc_section][vc_row][vc_column][vc_row_inner content_placement=&#8221;middle&#8221;][vc_column_inner width=&#8221;1\/3&#8243;][\/vc_column_inner][vc_column_inner width=&#8221;2\/3&#8243;][vc_column_text] Muhammed \u00dcsame ABDULLAH Email:ousalab@gmail.com \u00a0[\/vc_column_text][\/vc_column_inner][\/vc_row_inner][vc_column_text]Muhammed \u00dcsame ABDULLAH received a Bachelor of Engineering in Electronics and Communication from Albaath University in SYRIA and a Master in Communication Engineering from Albaath University, respectively. He is studying Ph.D. in image processing and artificial intelligence in Kahramanmaras-s\u00fct\u00e7\u00fc \u0130mam University, Kahramanmaras, Turkey Muhammed \u00dcsame worked as [&hellip;]","og_url":"https:\/\/sae-afs.org\/ar\/our-researchers\/muhammed-usame-abdullah\/","og_site_name":"\u0627\u0644\u062e\u0628\u0631\u0627\u062a \u0627\u0644\u0623\u0643\u0627\u062f\u064a\u0645\u064a\u0629 \u0627\u0644\u0633\u0648\u0631\u064a\u0629","article_modified_time":"2020-07-19T17:05:39+00:00","twitter_card":"summary_large_image","twitter_misc":{"\u0648\u0642\u062a \u0627\u0644\u0642\u0631\u0627\u0621\u0629 \u0627\u0644\u0645\u064f\u0642\u062f\u0651\u0631":"\u062f\u0642\u064a\u0642\u062a\u0627\u0646"},"schema":{"@context":"https:\/\/schema.org","@graph":[{"@type":"WebSite","@id":"https:\/\/sae-afs.org\/ar\/#website","url":"https:\/\/sae-afs.org\/ar\/","name":"\u0627\u0644\u062e\u0628\u0631\u0627\u062a \u0627\u0644\u0623\u0643\u0627\u062f\u064a\u0645\u064a\u0629 \u0627\u0644\u0633\u0648\u0631\u064a\u0629","description":"new","potentialAction":[{"@type":"SearchAction","target":{"@type":"EntryPoint","urlTemplate":"https:\/\/sae-afs.org\/ar\/?s={search_term_string}"},"query-input":"required name=search_term_string"}],"inLanguage":"ar"},{"@type":"WebPage","@id":"https:\/\/sae-afs.org\/ar\/our-researchers\/muhammed-usame-abdullah\/#webpage","url":"https:\/\/sae-afs.org\/ar\/our-researchers\/muhammed-usame-abdullah\/","name":"Muhammed \u00dcsame ABDULLAH - \u0627\u0644\u062e\u0628\u0631\u0627\u062a \u0627\u0644\u0623\u0643\u0627\u062f\u064a\u0645\u064a\u0629 \u0627\u0644\u0633\u0648\u0631\u064a\u0629","isPartOf":{"@id":"https:\/\/sae-afs.org\/ar\/#website"},"datePublished":"2020-07-19T16:40:08+00:00","dateModified":"2020-07-19T17:05:39+00:00","breadcrumb":{"@id":"https:\/\/sae-afs.org\/ar\/our-researchers\/muhammed-usame-abdullah\/#breadcrumb"},"inLanguage":"ar","potentialAction":[{"@type":"ReadAction","target":["https:\/\/sae-afs.org\/ar\/our-researchers\/muhammed-usame-abdullah\/"]}]},{"@type":"BreadcrumbList","@id":"https:\/\/sae-afs.org\/ar\/our-researchers\/muhammed-usame-abdullah\/#breadcrumb","itemListElement":[{"@type":"ListItem","position":1,"name":"Home","item":"https:\/\/sae-afs.org\/ar\/"},{"@type":"ListItem","position":2,"name":"\u0627\u0644\u0628\u0627\u062d\u062b\u0648\u0646","item":"https:\/\/sae-afs.org\/ar\/our-researchers\/"},{"@type":"ListItem","position":3,"name":"Muhammed \u00dcsame ABDULLAH"}]}]}},"_links":{"self":[{"href":"https:\/\/sae-afs.org\/ar\/wp-json\/wp\/v2\/pages\/1696"}],"collection":[{"href":"https:\/\/sae-afs.org\/ar\/wp-json\/wp\/v2\/pages"}],"about":[{"href":"https:\/\/sae-afs.org\/ar\/wp-json\/wp\/v2\/types\/page"}],"author":[{"embeddable":true,"href":"https:\/\/sae-afs.org\/ar\/wp-json\/wp\/v2\/users\/1"}],"replies":[{"embeddable":true,"href":"https:\/\/sae-afs.org\/ar\/wp-json\/wp\/v2\/comments?post=1696"}],"version-history":[{"count":1,"href":"https:\/\/sae-afs.org\/ar\/wp-json\/wp\/v2\/pages\/1696\/revisions"}],"predecessor-version":[{"id":1698,"href":"https:\/\/sae-afs.org\/ar\/wp-json\/wp\/v2\/pages\/1696\/revisions\/1698"}],"up":[{"embeddable":true,"href":"https:\/\/sae-afs.org\/ar\/wp-json\/wp\/v2\/pages\/1327"}],"wp:attachment":[{"href":"https:\/\/sae-afs.org\/ar\/wp-json\/wp\/v2\/media?parent=1696"}],"curies":[{"name":"wp","href":"https:\/\/api.w.org\/{rel}","templated":true}]}}