{"id":1486,"date":"2020-07-03T19:43:56","date_gmt":"2020-07-03T19:43:56","guid":{"rendered":"https:\/\/sae-afs.org\/?page_id=1486"},"modified":"2020-07-17T18:00:44","modified_gmt":"2020-07-17T18:00:44","slug":"muhmmed-assaf","status":"publish","type":"page","link":"https:\/\/sae-afs.org\/ar\/our-researchers\/muhmmed-assaf\/","title":{"rendered":"Muhammed ASSAF"},"content":{"rendered":"[vc_section][vc_row][vc_column][vc_row_inner content_placement=&#8221;middle&#8221;][vc_column_inner width=&#8221;1\/3&#8243;]<div  class=\"wpb_content_element   clearfix\"><style type=\"text\/css\">#ut_am_69ef44114dc35 { opacity: 1; }#ut_am_wrap_69ef44114dc36 .ut-image-gallery-item-caption-title h3 { letter-spacing: -0.03em; }#ut_am_wrap_69ef44114dc36 .ut-gallery-slider-caption { font-weight: bold; }#ut_am_wrap_69ef44114dc36 { text-align: left; }@media (min-width: 768px) and (max-width: 1024px) { #ut_am_wrap_69ef44114dc36 { text-align: left !important; } }@media (max-width: 767px) { #ut_am_wrap_69ef44114dc36 { text-align: center !important; } }<\/style><div id=\"ut_am_wrap_69ef44114dc36\" class=\"ut-image-gallery-image \"><div id=\"ut_reveal_69ef44114dc37\"  data-appear-top-offset=\"auto\" class=\"ut-animated-image-item ut-image-gallery-item ut-animation-done \"><a class=\"ut-deactivated-link\" href=\"#\"><div class=\"ut-animated-image-zoom\"><img class=\"ut-lazy skip-lazy ut-animated-image\"  id=\"ut_am_69ef44114dc35\" src=\"data:image\/svg+xml;charset=utf-8,%3Csvg xmlns%3D'http%3A%2F%2Fwww.w3.org%2F2000%2Fsvg' viewBox%3D'0 0 800 500'%2F%3E\" data-src=\"https:\/\/sae-afs.org\/ar\/wp-content\/plugins\/ut-shortcodes\/\/img\/placeholder\/replace-normal.jpg\" width=\"800\" height=\"500\" alt=\"\"\/><\/div><\/a><\/div><\/div><\/div>[\/vc_column_inner][vc_column_inner width=&#8221;2\/3&#8243;][vc_column_text]\n<h2 style=\"text-align: left;\">Muhammed ASSAF<\/h2>\n<p style=\"text-align: left;\">Research in Medicinal Plants and Food Security<\/p>\n<p><strong>ORCID<\/strong>: 0000-0001-8646-0697<\/p>\n<p><strong>Mendeley<\/strong>: <a href=\"https:\/\/www.mendeley.com\/profiles\/muhammed-assaf\/\">https:\/\/www.mendeley.com\/profiles\/muhammed-assaf\/<\/a><\/p>\n<p><strong>Researchgate<\/strong>: <a href=\"https:\/\/www.researchgate.net\/profile\/Muhammed_Assaf\">https:\/\/www.researchgate.net\/profile\/Muhammed_Assaf<\/a><\/p>\n<p><strong>Emails<\/strong>: agro.assaf81@gmail.com &#8211; Muhammed.assaf81@gmail.com[\/vc_column_text][\/vc_column_inner][\/vc_row_inner][vc_column_text]<strong>Muhammed ASSAF<\/strong> is a horticulturist, Ph.D. candidate at Kahramanmara\u015f S\u00fct\u00e7\u00fc \u0130mam University, Dept. of Horticulture. Specialism is medicinal plants physiology (salinity stress and strigolactone). I participated in many research with the Council for At-Risk Academics (CARA) for food security and higher education. I am interesting in research about using deep learning method to detect plant diseases, Bioengineering and Leishmaniasis[\/vc_column_text][\/vc_column][\/vc_row][\/vc_section]\n","protected":false},"excerpt":{"rendered":"<p>[vc_section][vc_row][vc_column][vc_row_inner content_placement=&#8221;middle&#8221;][vc_column_inner width=&#8221;1\/3&#8243;][\/vc_column_inner][vc_column_inner width=&#8221;2\/3&#8243;][vc_column_text] Muhammed ASSAF Research in Medicinal Plants and Food Security ORCID: 0000-0001-8646-0697 Mendeley: https:\/\/www.mendeley.com\/profiles\/muhammed-assaf\/ Researchgate: https:\/\/www.researchgate.net\/profile\/Muhammed_Assaf Emails: agro.assaf81@gmail.com &#8211; Muhammed.assaf81@gmail.com[\/vc_column_text][\/vc_column_inner][\/vc_row_inner][vc_column_text]Muhammed ASSAF is a horticulturist, Ph.D. candidate at Kahramanmara\u015f S\u00fct\u00e7\u00fc \u0130mam University, Dept. of Horticulture. Specialism is medicinal plants physiology (salinity stress and strigolactone). I participated in many research with the Council for [&hellip;]<\/p>\n","protected":false},"author":1,"featured_media":0,"parent":1327,"menu_order":0,"comment_status":"closed","ping_status":"closed","template":"","meta":{"_mo_disable_npp":""},"yoast_head":"<!-- This site is optimized with the Yoast SEO plugin v18.4.1 - https:\/\/yoast.com\/wordpress\/plugins\/seo\/ -->\n<title>Muhammed ASSAF - \u0627\u0644\u062e\u0628\u0631\u0627\u062a \u0627\u0644\u0623\u0643\u0627\u062f\u064a\u0645\u064a\u0629 \u0627\u0644\u0633\u0648\u0631\u064a\u0629<\/title>\n<meta name=\"robots\" content=\"index, follow, max-snippet:-1, max-image-preview:large, max-video-preview:-1\" \/>\n<link rel=\"canonical\" href=\"https:\/\/sae-afs.org\/ar\/our-researchers\/muhmmed-assaf\/\" \/>\n<meta property=\"og:locale\" content=\"ar_AR\" \/>\n<meta property=\"og:type\" content=\"article\" \/>\n<meta property=\"og:title\" content=\"Muhammed ASSAF - \u0627\u0644\u062e\u0628\u0631\u0627\u062a \u0627\u0644\u0623\u0643\u0627\u062f\u064a\u0645\u064a\u0629 \u0627\u0644\u0633\u0648\u0631\u064a\u0629\" \/>\n<meta property=\"og:description\" content=\"[vc_section][vc_row][vc_column][vc_row_inner content_placement=&#8221;middle&#8221;][vc_column_inner width=&#8221;1\/3&#8243;][\/vc_column_inner][vc_column_inner width=&#8221;2\/3&#8243;][vc_column_text] Muhammed ASSAF Research in Medicinal Plants and Food Security ORCID: 0000-0001-8646-0697 Mendeley: https:\/\/www.mendeley.com\/profiles\/muhammed-assaf\/ Researchgate: https:\/\/www.researchgate.net\/profile\/Muhammed_Assaf Emails: agro.assaf81@gmail.com &#8211; Muhammed.assaf81@gmail.com[\/vc_column_text][\/vc_column_inner][\/vc_row_inner][vc_column_text]Muhammed ASSAF is a horticulturist, Ph.D. candidate at Kahramanmara\u015f S\u00fct\u00e7\u00fc \u0130mam University, Dept. of Horticulture. Specialism is medicinal plants physiology (salinity stress and strigolactone). I participated in many research with the Council for [&hellip;]\" \/>\n<meta property=\"og:url\" content=\"https:\/\/sae-afs.org\/ar\/our-researchers\/muhmmed-assaf\/\" \/>\n<meta property=\"og:site_name\" content=\"\u0627\u0644\u062e\u0628\u0631\u0627\u062a \u0627\u0644\u0623\u0643\u0627\u062f\u064a\u0645\u064a\u0629 \u0627\u0644\u0633\u0648\u0631\u064a\u0629\" \/>\n<meta property=\"article:modified_time\" content=\"2020-07-17T18:00:44+00:00\" \/>\n<meta name=\"twitter:card\" content=\"summary_large_image\" \/>\n<meta name=\"twitter:label1\" content=\"\u0648\u0642\u062a \u0627\u0644\u0642\u0631\u0627\u0621\u0629 \u0627\u0644\u0645\u064f\u0642\u062f\u0651\u0631\" \/>\n\t<meta name=\"twitter:data1\" content=\"\u062f\u0642\u064a\u0642\u062a\u0627\u0646\" \/>\n<script type=\"application\/ld+json\" class=\"yoast-schema-graph\">{\"@context\":\"https:\/\/schema.org\",\"@graph\":[{\"@type\":\"WebSite\",\"@id\":\"https:\/\/sae-afs.org\/ar\/#website\",\"url\":\"https:\/\/sae-afs.org\/ar\/\",\"name\":\"\u0627\u0644\u062e\u0628\u0631\u0627\u062a \u0627\u0644\u0623\u0643\u0627\u062f\u064a\u0645\u064a\u0629 \u0627\u0644\u0633\u0648\u0631\u064a\u0629\",\"description\":\"new\",\"potentialAction\":[{\"@type\":\"SearchAction\",\"target\":{\"@type\":\"EntryPoint\",\"urlTemplate\":\"https:\/\/sae-afs.org\/ar\/?s={search_term_string}\"},\"query-input\":\"required name=search_term_string\"}],\"inLanguage\":\"ar\"},{\"@type\":\"WebPage\",\"@id\":\"https:\/\/sae-afs.org\/ar\/our-researchers\/muhmmed-assaf\/#webpage\",\"url\":\"https:\/\/sae-afs.org\/ar\/our-researchers\/muhmmed-assaf\/\",\"name\":\"Muhammed ASSAF - \u0627\u0644\u062e\u0628\u0631\u0627\u062a \u0627\u0644\u0623\u0643\u0627\u062f\u064a\u0645\u064a\u0629 \u0627\u0644\u0633\u0648\u0631\u064a\u0629\",\"isPartOf\":{\"@id\":\"https:\/\/sae-afs.org\/ar\/#website\"},\"datePublished\":\"2020-07-03T19:43:56+00:00\",\"dateModified\":\"2020-07-17T18:00:44+00:00\",\"breadcrumb\":{\"@id\":\"https:\/\/sae-afs.org\/ar\/our-researchers\/muhmmed-assaf\/#breadcrumb\"},\"inLanguage\":\"ar\",\"potentialAction\":[{\"@type\":\"ReadAction\",\"target\":[\"https:\/\/sae-afs.org\/ar\/our-researchers\/muhmmed-assaf\/\"]}]},{\"@type\":\"BreadcrumbList\",\"@id\":\"https:\/\/sae-afs.org\/ar\/our-researchers\/muhmmed-assaf\/#breadcrumb\",\"itemListElement\":[{\"@type\":\"ListItem\",\"position\":1,\"name\":\"Home\",\"item\":\"https:\/\/sae-afs.org\/ar\/\"},{\"@type\":\"ListItem\",\"position\":2,\"name\":\"\u0627\u0644\u0628\u0627\u062d\u062b\u0648\u0646\",\"item\":\"https:\/\/sae-afs.org\/ar\/our-researchers\/\"},{\"@type\":\"ListItem\",\"position\":3,\"name\":\"Muhammed ASSAF\"}]}]}<\/script>\n<!-- \/ Yoast SEO plugin. -->","yoast_head_json":{"title":"Muhammed ASSAF - \u0627\u0644\u062e\u0628\u0631\u0627\u062a \u0627\u0644\u0623\u0643\u0627\u062f\u064a\u0645\u064a\u0629 \u0627\u0644\u0633\u0648\u0631\u064a\u0629","robots":{"index":"index","follow":"follow","max-snippet":"max-snippet:-1","max-image-preview":"max-image-preview:large","max-video-preview":"max-video-preview:-1"},"canonical":"https:\/\/sae-afs.org\/ar\/our-researchers\/muhmmed-assaf\/","og_locale":"ar_AR","og_type":"article","og_title":"Muhammed ASSAF - \u0627\u0644\u062e\u0628\u0631\u0627\u062a \u0627\u0644\u0623\u0643\u0627\u062f\u064a\u0645\u064a\u0629 \u0627\u0644\u0633\u0648\u0631\u064a\u0629","og_description":"[vc_section][vc_row][vc_column][vc_row_inner content_placement=&#8221;middle&#8221;][vc_column_inner width=&#8221;1\/3&#8243;][\/vc_column_inner][vc_column_inner width=&#8221;2\/3&#8243;][vc_column_text] Muhammed ASSAF Research in Medicinal Plants and Food Security ORCID: 0000-0001-8646-0697 Mendeley: https:\/\/www.mendeley.com\/profiles\/muhammed-assaf\/ Researchgate: https:\/\/www.researchgate.net\/profile\/Muhammed_Assaf Emails: agro.assaf81@gmail.com &#8211; Muhammed.assaf81@gmail.com[\/vc_column_text][\/vc_column_inner][\/vc_row_inner][vc_column_text]Muhammed ASSAF is a horticulturist, Ph.D. candidate at Kahramanmara\u015f S\u00fct\u00e7\u00fc \u0130mam University, Dept. of Horticulture. Specialism is medicinal plants physiology (salinity stress and strigolactone). I participated in many research with the Council for [&hellip;]","og_url":"https:\/\/sae-afs.org\/ar\/our-researchers\/muhmmed-assaf\/","og_site_name":"\u0627\u0644\u062e\u0628\u0631\u0627\u062a \u0627\u0644\u0623\u0643\u0627\u062f\u064a\u0645\u064a\u0629 \u0627\u0644\u0633\u0648\u0631\u064a\u0629","article_modified_time":"2020-07-17T18:00:44+00:00","twitter_card":"summary_large_image","twitter_misc":{"\u0648\u0642\u062a \u0627\u0644\u0642\u0631\u0627\u0621\u0629 \u0627\u0644\u0645\u064f\u0642\u062f\u0651\u0631":"\u062f\u0642\u064a\u0642\u062a\u0627\u0646"},"schema":{"@context":"https:\/\/schema.org","@graph":[{"@type":"WebSite","@id":"https:\/\/sae-afs.org\/ar\/#website","url":"https:\/\/sae-afs.org\/ar\/","name":"\u0627\u0644\u062e\u0628\u0631\u0627\u062a \u0627\u0644\u0623\u0643\u0627\u062f\u064a\u0645\u064a\u0629 \u0627\u0644\u0633\u0648\u0631\u064a\u0629","description":"new","potentialAction":[{"@type":"SearchAction","target":{"@type":"EntryPoint","urlTemplate":"https:\/\/sae-afs.org\/ar\/?s={search_term_string}"},"query-input":"required name=search_term_string"}],"inLanguage":"ar"},{"@type":"WebPage","@id":"https:\/\/sae-afs.org\/ar\/our-researchers\/muhmmed-assaf\/#webpage","url":"https:\/\/sae-afs.org\/ar\/our-researchers\/muhmmed-assaf\/","name":"Muhammed ASSAF - \u0627\u0644\u062e\u0628\u0631\u0627\u062a \u0627\u0644\u0623\u0643\u0627\u062f\u064a\u0645\u064a\u0629 \u0627\u0644\u0633\u0648\u0631\u064a\u0629","isPartOf":{"@id":"https:\/\/sae-afs.org\/ar\/#website"},"datePublished":"2020-07-03T19:43:56+00:00","dateModified":"2020-07-17T18:00:44+00:00","breadcrumb":{"@id":"https:\/\/sae-afs.org\/ar\/our-researchers\/muhmmed-assaf\/#breadcrumb"},"inLanguage":"ar","potentialAction":[{"@type":"ReadAction","target":["https:\/\/sae-afs.org\/ar\/our-researchers\/muhmmed-assaf\/"]}]},{"@type":"BreadcrumbList","@id":"https:\/\/sae-afs.org\/ar\/our-researchers\/muhmmed-assaf\/#breadcrumb","itemListElement":[{"@type":"ListItem","position":1,"name":"Home","item":"https:\/\/sae-afs.org\/ar\/"},{"@type":"ListItem","position":2,"name":"\u0627\u0644\u0628\u0627\u062d\u062b\u0648\u0646","item":"https:\/\/sae-afs.org\/ar\/our-researchers\/"},{"@type":"ListItem","position":3,"name":"Muhammed ASSAF"}]}]}},"_links":{"self":[{"href":"https:\/\/sae-afs.org\/ar\/wp-json\/wp\/v2\/pages\/1486"}],"collection":[{"href":"https:\/\/sae-afs.org\/ar\/wp-json\/wp\/v2\/pages"}],"about":[{"href":"https:\/\/sae-afs.org\/ar\/wp-json\/wp\/v2\/types\/page"}],"author":[{"embeddable":true,"href":"https:\/\/sae-afs.org\/ar\/wp-json\/wp\/v2\/users\/1"}],"replies":[{"embeddable":true,"href":"https:\/\/sae-afs.org\/ar\/wp-json\/wp\/v2\/comments?post=1486"}],"version-history":[{"count":5,"href":"https:\/\/sae-afs.org\/ar\/wp-json\/wp\/v2\/pages\/1486\/revisions"}],"predecessor-version":[{"id":1683,"href":"https:\/\/sae-afs.org\/ar\/wp-json\/wp\/v2\/pages\/1486\/revisions\/1683"}],"up":[{"embeddable":true,"href":"https:\/\/sae-afs.org\/ar\/wp-json\/wp\/v2\/pages\/1327"}],"wp:attachment":[{"href":"https:\/\/sae-afs.org\/ar\/wp-json\/wp\/v2\/media?parent=1486"}],"curies":[{"name":"wp","href":"https:\/\/api.w.org\/{rel}","templated":true}]}}